{"id":253,"date":"2025-03-04T02:14:36","date_gmt":"2025-03-04T02:14:36","guid":{"rendered":"https:\/\/arima-ederra.eus\/?page_id=253"},"modified":"2026-05-02T05:54:28","modified_gmt":"2026-05-02T05:54:28","slug":"heavy-metal-soul-irratia","status":"publish","type":"page","link":"https:\/\/arima-ederra.eus\/eu\/","title":{"rendered":"HEAVY METAL SOULS IRRATIA"},"content":{"rendered":"<div data-elementor-type=\"wp-page\" data-elementor-id=\"253\" class=\"elementor elementor-253\" data-elementor-post-type=\"page\">\n\t\t\t\t<div class=\"elementor-element elementor-element-0bd14c9 e-flex e-con-boxed e-con e-parent\" data-id=\"0bd14c9\" data-element_type=\"container\" data-e-type=\"container\">\n\t\t\t\t\t<div class=\"e-con-inner\">\n\t\t\t\t<div class=\"elementor-element elementor-element-a42dba2 elementor-widget elementor-widget-heading\" data-id=\"a42dba2\" data-element_type=\"widget\" data-e-type=\"widget\" data-widget_type=\"heading.default\">\n\t\t\t\t<div class=\"elementor-widget-container\">\n\t\t\t\t\t<h3 class=\"elementor-heading-title elementor-size-default\">Esta Web va a ser cerrada  tan pronto como sea <a class=\"glossaryLink\" aria-describedby=\"tt\" data-cmtooltip=\"cmtt_a3e9e5b6cbbb8bd26969d050e92dd1fe\" href=\"https:\/\/arima-ederra.eus\/eu\/glossary\/posible\/\" data-gt-translate-attributes='[{\"attribute\":\"data-cmtooltip\", \"format\":\"html\"}]' tabindex=\"0\" role=\"link\">posible<\/a>, Disculpen las molestias.\n\n                 OUT OF SERVICE - Sin Servicio.<\/h3>\t\t\t\t<\/div>\n\t\t\t\t<\/div>\n\t\t\t\t\t<\/div>\n\t\t\t\t<\/div>\n\t\t\t\t<\/div>\n\t\t","protected":false},"excerpt":{"rendered":"<p>Esta Web va a ser cerrada tan pronto como sea <a class=\"glossaryLink\" aria-describedby=\"tt\" data-cmtooltip=\"cmtt_a3e9e5b6cbbb8bd26969d050e92dd1fe\" href=\"https:\/\/arima-ederra.eus\/eu\/glossary\/posible\/\" data-gt-translate-attributes='[{\"attribute\":\"data-cmtooltip\", \"format\":\"html\"}]' tabindex=\"0\" role=\"link\">posible<\/a>, Disculpen las molestias. OUT OF SERVICE &ndash; Sin Servicio.<\/p>\n","protected":false},"author":1,"featured_media":244999,"parent":0,"menu_order":0,"comment_status":"closed","ping_status":"closed","template":"","meta":{"footnotes":""},"class_list":["post-253","page","type-page","status-publish","has-post-thumbnail"],"yoast_head":"<!-- This site is optimized with the Yoast SEO Premium plugin v27.5 (Yoast SEO v27.5) - https:\/\/yoast.com\/product\/yoast-seo-premium-wordpress\/ -->\n<title>HEAVY METAL SOULS RADIO - Mi blog: https:\/\/arima-ederra.eus<\/title>\n<meta name=\"description\" content=\"Sum\u00e9rgete en la m\u00fasica con HEAVY METAL SOULS RADIO. Escucha las mejores transmisiones y vive la experiencia musical.\" \/>\n<meta name=\"robots\" content=\"index, follow, max-snippet:-1, max-image-preview:large, max-video-preview:-1\" \/>\n<link rel=\"canonical\" href=\"https:\/\/arima-ederra.eus\/eu\/\" \/>\n<meta property=\"og:locale\" content=\"en_US\" \/>\n<meta property=\"og:type\" content=\"article\" \/>\n<meta property=\"og:title\" content=\"HEAVY METAL SOULS RADIO: Una Experiencia \u00danica\" \/>\n<meta property=\"og:description\" content=\"Descubre la magia de HEAVY METAL SOULS RADIO y disfruta de la mejor m\u00fasica de metal y rock en nuestra transmisi\u00f3n.\" \/>\n<meta property=\"og:url\" content=\"https:\/\/arima-ederra.eus\/eu\/\" \/>\n<meta property=\"og:site_name\" content=\"Mi blog: https:\/\/arima-ederra.eus\" \/>\n<meta property=\"article:publisher\" content=\"https:\/\/www.facebook.com\/enrique.cuellar.98284\" \/>\n<meta property=\"article:modified_time\" content=\"2026-05-02T05:54:28+00:00\" \/>\n<meta property=\"og:image\" content=\"https:\/\/arima-ederra.eus\/wp-content\/uploads\/2026\/01\/PORTADA-HTTPS-ARIMA-EDERRA.EUS_.jpg\" \/>\n\t<meta property=\"og:image:width\" content=\"800\" \/>\n\t<meta property=\"og:image:height\" content=\"310\" \/>\n\t<meta property=\"og:image:type\" content=\"image\/jpeg\" \/>\n<meta name=\"twitter:card\" content=\"summary_large_image\" \/>\n<meta name=\"twitter:title\" content=\"HEAVY METAL SOULS RADIO\" \/>\n<meta name=\"twitter:label1\" content=\"Est. reading time\" \/>\n\t<meta name=\"twitter:data1\" content=\"1 minutua\" \/>\n<script type=\"application\/ld+json\" class=\"yoast-schema-graph\">{\"@context\":\"https:\\\/\\\/schema.org\",\"@graph\":[{\"@type\":\"WebPage\",\"@id\":\"https:\\\/\\\/arima-ederra.eus\\\/\",\"url\":\"https:\\\/\\\/arima-ederra.eus\\\/\",\"name\":\"HEAVY METAL SOULS RADIO - Mi blog: https:\\\/\\\/arima-ederra.eus\",\"isPartOf\":{\"@id\":\"https:\\\/\\\/arima-ederra.eus\\\/#website\"},\"primaryImageOfPage\":{\"@id\":\"https:\\\/\\\/arima-ederra.eus\\\/#primaryimage\"},\"image\":{\"@id\":\"https:\\\/\\\/arima-ederra.eus\\\/#primaryimage\"},\"thumbnailUrl\":\"https:\\\/\\\/arima-ederra.eus\\\/wp-content\\\/uploads\\\/2026\\\/01\\\/PORTADA-HTTPS-ARIMA-EDERRA.EUS_.jpg\",\"datePublished\":\"2025-03-04T02:14:36+00:00\",\"dateModified\":\"2026-05-02T05:54:28+00:00\",\"description\":\"Sum\u00e9rgete en la m\u00fasica con HEAVY METAL SOULS RADIO. Escucha las mejores transmisiones y vive la experiencia musical.\",\"breadcrumb\":{\"@id\":\"https:\\\/\\\/arima-ederra.eus\\\/#breadcrumb\"},\"inLanguage\":\"eu\",\"potentialAction\":[{\"@type\":\"ReadAction\",\"target\":[\"https:\\\/\\\/arima-ederra.eus\\\/\"]}]},{\"@type\":\"ImageObject\",\"inLanguage\":\"eu\",\"@id\":\"https:\\\/\\\/arima-ederra.eus\\\/#primaryimage\",\"url\":\"https:\\\/\\\/arima-ederra.eus\\\/wp-content\\\/uploads\\\/2026\\\/01\\\/PORTADA-HTTPS-ARIMA-EDERRA.EUS_.jpg\",\"contentUrl\":\"https:\\\/\\\/arima-ederra.eus\\\/wp-content\\\/uploads\\\/2026\\\/01\\\/PORTADA-HTTPS-ARIMA-EDERRA.EUS_.jpg\",\"width\":800,\"height\":310,\"caption\":\"HTTPS:\\\/\\\/ARIMA-EDERRA.EUS\"},{\"@type\":\"BreadcrumbList\",\"@id\":\"https:\\\/\\\/arima-ederra.eus\\\/#breadcrumb\",\"itemListElement\":[{\"@type\":\"ListItem\",\"position\":1,\"name\":\"Portada\",\"item\":\"https:\\\/\\\/arima-ederra.eus\\\/\"},{\"@type\":\"ListItem\",\"position\":2,\"name\":\"HEAVY METAL SOULS RADIO\"}]},{\"@type\":\"WebSite\",\"@id\":\"https:\\\/\\\/arima-ederra.eus\\\/#website\",\"url\":\"https:\\\/\\\/arima-ederra.eus\\\/\",\"name\":\"arima-ederra.eus\",\"description\":\"Un Espacio Muy Personal En La RED\",\"publisher\":{\"@id\":\"https:\\\/\\\/arima-ederra.eus\\\/#\\\/schema\\\/person\\\/163378e0e2a21ac5d0b0badca7b56e91\"},\"potentialAction\":[{\"@type\":\"SearchAction\",\"target\":{\"@type\":\"EntryPoint\",\"urlTemplate\":\"https:\\\/\\\/arima-ederra.eus\\\/?s={search_term_string}\"},\"query-input\":{\"@type\":\"PropertyValueSpecification\",\"valueRequired\":true,\"valueName\":\"search_term_string\"}}],\"inLanguage\":\"eu\"},{\"@type\":[\"Person\",\"Organization\"],\"@id\":\"https:\\\/\\\/arima-ederra.eus\\\/#\\\/schema\\\/person\\\/163378e0e2a21ac5d0b0badca7b56e91\",\"name\":\"eenri\",\"image\":{\"@type\":\"ImageObject\",\"inLanguage\":\"eu\",\"@id\":\"https:\\\/\\\/arima-ederra.eus\\\/wp-content\\\/uploads\\\/2025\\\/02\\\/alas-para-fondo-web-1024x576.jpg\",\"url\":\"https:\\\/\\\/arima-ederra.eus\\\/wp-content\\\/uploads\\\/2025\\\/02\\\/alas-para-fondo-web-1024x576.jpg\",\"contentUrl\":\"https:\\\/\\\/arima-ederra.eus\\\/wp-content\\\/uploads\\\/2025\\\/02\\\/alas-para-fondo-web-1024x576.jpg\",\"width\":1024,\"height\":576,\"caption\":\"eenri\"},\"logo\":{\"@id\":\"https:\\\/\\\/arima-ederra.eus\\\/wp-content\\\/uploads\\\/2025\\\/02\\\/alas-para-fondo-web-1024x576.jpg\"},\"description\":\". Music Lover .\",\"sameAs\":[\"https:\\\/\\\/arima-ederra.eus\",\"https:\\\/\\\/www.facebook.com\\\/enrique.cuellar.98284\",\"https:\\\/\\\/www.instagram.com\\\/eenrict2020\\\/\",\"https:\\\/\\\/youtube.com\\\/channel\\\/UCkfCcuOABGXWW6dPR9gqsdg?si=r9HGdhWntJ3JMicw\"]}]}<\/script>\n<!-- \/ Yoast SEO Premium plugin. -->","yoast_head_json":{"title":"HEAVY METAL SOULS IRRATIA - Nire bloga: https:\/\/arima-ederra.eus","description":"Murgildu zaitez musikan HEAVY METAL SOULS RADIOrekin. Entzun emankizun onenak eta bizi ezazu esperientzia musikala.","robots":{"index":"index","follow":"follow","max-snippet":"max-snippet:-1","max-image-preview":"max-image-preview:large","max-video-preview":"max-video-preview:-1"},"canonical":"https:\/\/arima-ederra.eus\/eu\/","og_locale":"en_US","og_type":"article","og_title":"HEAVY METAL SOULS RADIO: Una Experiencia \u00danica","og_description":"Descubre la magia de HEAVY METAL SOULS RADIO y disfruta de la mejor m\u00fasica de metal y rock en nuestra transmisi\u00f3n.","og_url":"https:\/\/arima-ederra.eus\/eu\/","og_site_name":"Mi blog: https:\/\/arima-ederra.eus","article_publisher":"https:\/\/www.facebook.com\/enrique.cuellar.98284","article_modified_time":"2026-05-02T05:54:28+00:00","og_image":[{"width":800,"height":310,"url":"https:\/\/arima-ederra.eus\/wp-content\/uploads\/2026\/01\/PORTADA-HTTPS-ARIMA-EDERRA.EUS_.jpg","type":"image\/jpeg"}],"twitter_card":"summary_large_image","twitter_title":"HEAVY METAL SOULS RADIO","twitter_misc":{"Est. reading time":"1 minutua"},"schema":{"@context":"https:\/\/schema.org","@graph":[{"@type":"WebPage","@id":"https:\/\/arima-ederra.eus\/","url":"https:\/\/arima-ederra.eus\/","name":"HEAVY METAL SOULS IRRATIA - Nire bloga: https:\/\/arima-ederra.eus","isPartOf":{"@id":"https:\/\/arima-ederra.eus\/#website"},"primaryImageOfPage":{"@id":"https:\/\/arima-ederra.eus\/#primaryimage"},"image":{"@id":"https:\/\/arima-ederra.eus\/#primaryimage"},"thumbnailUrl":"https:\/\/arima-ederra.eus\/wp-content\/uploads\/2026\/01\/PORTADA-HTTPS-ARIMA-EDERRA.EUS_.jpg","datePublished":"2025-03-04T02:14:36+00:00","dateModified":"2026-05-02T05:54:28+00:00","description":"Murgildu zaitez musikan HEAVY METAL SOULS RADIOrekin. Entzun emankizun onenak eta bizi ezazu esperientzia musikala.","breadcrumb":{"@id":"https:\/\/arima-ederra.eus\/#breadcrumb"},"inLanguage":"eu","potentialAction":[{"@type":"ReadAction","target":["https:\/\/arima-ederra.eus\/"]}]},{"@type":"ImageObject","inLanguage":"eu","@id":"https:\/\/arima-ederra.eus\/#primaryimage","url":"https:\/\/arima-ederra.eus\/wp-content\/uploads\/2026\/01\/PORTADA-HTTPS-ARIMA-EDERRA.EUS_.jpg","contentUrl":"https:\/\/arima-ederra.eus\/wp-content\/uploads\/2026\/01\/PORTADA-HTTPS-ARIMA-EDERRA.EUS_.jpg","width":800,"height":310,"caption":"HTTPS:\/\/ARIMA-EDERRA.EUS"},{"@type":"BreadcrumbList","@id":"https:\/\/arima-ederra.eus\/#breadcrumb","itemListElement":[{"@type":"ListItem","position":1,"name":"Portada","item":"https:\/\/arima-ederra.eus\/"},{"@type":"ListItem","position":2,"name":"HEAVY METAL SOULS RADIO"}]},{"@type":"WebSite","@id":"https:\/\/arima-ederra.eus\/#website","url":"https:\/\/arima-ederra.eus\/","name":"arima-ederra.eus","description":"Oso Espazio Pertsonala Sarean","publisher":{"@id":"https:\/\/arima-ederra.eus\/#\/schema\/person\/163378e0e2a21ac5d0b0badca7b56e91"},"potentialAction":[{"@type":"SearchAction","target":{"@type":"EntryPoint","urlTemplate":"https:\/\/arima-ederra.eus\/?s={search_term_string}"},"query-input":{"@type":"PropertyValueSpecification","valueRequired":true,"valueName":"search_term_string"}}],"inLanguage":"eu"},{"@type":["Person","Organization"],"@id":"https:\/\/arima-ederra.eus\/#\/schema\/person\/163378e0e2a21ac5d0b0badca7b56e91","name":"eenri","image":{"@type":"ImageObject","inLanguage":"eu","@id":"https:\/\/arima-ederra.eus\/wp-content\/uploads\/2025\/02\/alas-para-fondo-web-1024x576.jpg","url":"https:\/\/arima-ederra.eus\/wp-content\/uploads\/2025\/02\/alas-para-fondo-web-1024x576.jpg","contentUrl":"https:\/\/arima-ederra.eus\/wp-content\/uploads\/2025\/02\/alas-para-fondo-web-1024x576.jpg","width":1024,"height":576,"caption":"eenri"},"logo":{"@id":"https:\/\/arima-ederra.eus\/wp-content\/uploads\/2025\/02\/alas-para-fondo-web-1024x576.jpg"},"description":". Musikazalea.","sameAs":["https:\/\/arima-ederra.eus","https:\/\/www.facebook.com\/enrique.cuellar.98284","https:\/\/www.instagram.com\/eenrict2020\/","https:\/\/youtube.com\/channel\/UCkfCcuOABGXWW6dPR9gqsdg?si=r9HGdhWntJ3JMicw"]}]}},"_links":{"self":[{"href":"https:\/\/arima-ederra.eus\/eu\/wp-json\/wp\/v2\/pages\/253","targetHints":{"allow":["GET"]}}],"collection":[{"href":"https:\/\/arima-ederra.eus\/eu\/wp-json\/wp\/v2\/pages"}],"about":[{"href":"https:\/\/arima-ederra.eus\/eu\/wp-json\/wp\/v2\/types\/page"}],"author":[{"embeddable":true,"href":"https:\/\/arima-ederra.eus\/eu\/wp-json\/wp\/v2\/users\/1"}],"replies":[{"embeddable":true,"href":"https:\/\/arima-ederra.eus\/eu\/wp-json\/wp\/v2\/comments?post=253"}],"version-history":[{"count":97,"href":"https:\/\/arima-ederra.eus\/eu\/wp-json\/wp\/v2\/pages\/253\/revisions"}],"predecessor-version":[{"id":247696,"href":"https:\/\/arima-ederra.eus\/eu\/wp-json\/wp\/v2\/pages\/253\/revisions\/247696"}],"wp:featuredmedia":[{"embeddable":true,"href":"https:\/\/arima-ederra.eus\/eu\/wp-json\/wp\/v2\/media\/244999"}],"wp:attachment":[{"href":"https:\/\/arima-ederra.eus\/eu\/wp-json\/wp\/v2\/media?parent=253"}],"curies":[{"name":"wp","href":"https:\/\/api.w.org\/{rel}","templated":true}]}}